{"id":568,"date":"2017-09-26T15:30:20","date_gmt":"2017-09-26T13:30:20","guid":{"rendered":"http:\/\/kometa-policka.cz\/?page_id=568"},"modified":"2017-09-26T15:36:06","modified_gmt":"2017-09-26T13:36:06","slug":"soupiska-2","status":"publish","type":"page","link":"https:\/\/kometa-policka.cz\/?page_id=568","title":{"rendered":"Soupiska"},"content":{"rendered":"<table class=\"teams\" style=\"height: 978px;\" width=\"1024\">\n<thead>\n<tr>\n<th class=\"w5p\">Po\u0159.<\/th>\n<th class=\"w5p\" data-tooltip=\"Forma hostov\u00e1n\u00ed\" data-hasqtip=\"476\" aria-describedby=\"qtip-476\">Host<\/th>\n<th class=\"w5p\" data-tooltip=\"\u010c\u00edslo registra\u010dn\u00edho pr\u016fkazu\" data-hasqtip=\"477\">\u010c.reg.<\/th>\n<th class=\"w30p\">P\u0159\u00edjmen\u00ed a jm\u00e9no<\/th>\n<th class=\"w20p\" data-tooltip=\"Datum narozen\u00ed\" data-hasqtip=\"479\">Dat. nar.<\/th>\n<th class=\"w35p\"><\/th>\n<\/tr>\n<\/thead>\n<tbody>\n<tr>\n<td class=\"text-right\">1.<\/td>\n<td data-title=\"Host\">SS<\/td>\n<td data-title=\"\u010c\u00edslo registrace\">28052<\/td>\n<td data-title=\"P\u0159\u00edjmen\u00ed a jm\u00e9no\">Adamec Miroslav<\/td>\n<td data-title=\"Datum narozen\u00ed\">07.04.1991<\/td>\n<td><\/td>\n<\/tr>\n<tr>\n<td class=\"text-right\">2.<\/td>\n<td data-title=\"Host\"><\/td>\n<td data-title=\"\u010c\u00edslo registrace\">35715<\/td>\n<td data-title=\"P\u0159\u00edjmen\u00ed a jm\u00e9no\">Augustin Filip<\/td>\n<td data-title=\"Datum narozen\u00ed\">01.09.2000<\/td>\n<td><\/td>\n<\/tr>\n<tr>\n<td class=\"text-right\">3.<\/td>\n<td data-title=\"Host\">SS<\/td>\n<td data-title=\"\u010c\u00edslo registrace\">34161<\/td>\n<td data-title=\"P\u0159\u00edjmen\u00ed a jm\u00e9no\">Cvejn Jakub<\/td>\n<td data-title=\"Datum narozen\u00ed\">14.11.1997<\/td>\n<td><\/td>\n<\/tr>\n<tr>\n<td class=\"text-right\">4.<\/td>\n<td data-title=\"Host\"><\/td>\n<td data-title=\"\u010c\u00edslo registrace\">38137<\/td>\n<td data-title=\"P\u0159\u00edjmen\u00ed a jm\u00e9no\">Derka David<\/td>\n<td data-title=\"Datum narozen\u00ed\">23.03.1997<\/td>\n<td><\/td>\n<\/tr>\n<tr>\n<td class=\"text-right\">5.<\/td>\n<td data-title=\"Host\"><\/td>\n<td data-title=\"\u010c\u00edslo registrace\">24987<\/td>\n<td data-title=\"P\u0159\u00edjmen\u00ed a jm\u00e9no\">Dvo\u0159\u00e1k Jon\u00e1\u0161<\/td>\n<td data-title=\"Datum narozen\u00ed\">23.02.1993<\/td>\n<td><\/td>\n<\/tr>\n<tr>\n<td class=\"text-right\">6.<\/td>\n<td data-title=\"Host\">SS<\/td>\n<td data-title=\"\u010c\u00edslo registrace\">33976<\/td>\n<td data-title=\"P\u0159\u00edjmen\u00ed a jm\u00e9no\">Faltus Filip<\/td>\n<td data-title=\"Datum narozen\u00ed\">27.09.2001<\/td>\n<td><\/td>\n<\/tr>\n<tr>\n<td class=\"text-right\">7.<\/td>\n<td data-title=\"Host\"><\/td>\n<td data-title=\"\u010c\u00edslo registrace\">35714<\/td>\n<td data-title=\"P\u0159\u00edjmen\u00ed a jm\u00e9no\">Geba Karel<\/td>\n<td data-title=\"Datum narozen\u00ed\">22.03.1999<\/td>\n<td><\/td>\n<\/tr>\n<tr>\n<td class=\"text-right\">8.<\/td>\n<td data-title=\"Host\"><\/td>\n<td data-title=\"\u010c\u00edslo registrace\">25907<\/td>\n<td data-title=\"P\u0159\u00edjmen\u00ed a jm\u00e9no\">Grubhoffer Milo\u0161<\/td>\n<td data-title=\"Datum narozen\u00ed\">05.09.1985<\/td>\n<td><\/td>\n<\/tr>\n<tr>\n<td class=\"text-right\">9.<\/td>\n<td data-title=\"Host\"><\/td>\n<td data-title=\"\u010c\u00edslo registrace\">26033<\/td>\n<td data-title=\"P\u0159\u00edjmen\u00ed a jm\u00e9no\">Havl\u00edk Ladislav<\/td>\n<td data-title=\"Datum narozen\u00ed\">21.04.1992<\/td>\n<td><\/td>\n<\/tr>\n<tr>\n<td class=\"text-right\">10.<\/td>\n<td data-title=\"Host\"><\/td>\n<td data-title=\"\u010c\u00edslo registrace\">30250<\/td>\n<td data-title=\"P\u0159\u00edjmen\u00ed a jm\u00e9no\">Hejtm\u00e1nek David<\/td>\n<td data-title=\"Datum narozen\u00ed\">30.09.1997<\/td>\n<td><\/td>\n<\/tr>\n<tr>\n<td class=\"text-right\">11.<\/td>\n<td data-title=\"Host\">SS<\/td>\n<td data-title=\"\u010c\u00edslo registrace\">29211<\/td>\n<td data-title=\"P\u0159\u00edjmen\u00ed a jm\u00e9no\">Hejtm\u00e1nek Josef<\/td>\n<td data-title=\"Datum narozen\u00ed\">11.10.1993<\/td>\n<td><\/td>\n<\/tr>\n<tr>\n<td class=\"text-right\">12.<\/td>\n<td data-title=\"Host\"><\/td>\n<td data-title=\"\u010c\u00edslo registrace\">32796<\/td>\n<td data-title=\"P\u0159\u00edjmen\u00ed a jm\u00e9no\">Hn\u00e1t Denis<\/td>\n<td data-title=\"Datum narozen\u00ed\">29.04.1998<\/td>\n<td><\/td>\n<\/tr>\n<tr>\n<td class=\"text-right\">13.<\/td>\n<td data-title=\"Host\"><\/td>\n<td data-title=\"\u010c\u00edslo registrace\">34437<\/td>\n<td data-title=\"P\u0159\u00edjmen\u00ed a jm\u00e9no\">Hn\u00e1t Radim<\/td>\n<td data-title=\"Datum narozen\u00ed\">24.07.2001<\/td>\n<td><\/td>\n<\/tr>\n<tr>\n<td class=\"text-right\">14.<\/td>\n<td data-title=\"Host\"><\/td>\n<td data-title=\"\u010c\u00edslo registrace\">36874<\/td>\n<td data-title=\"P\u0159\u00edjmen\u00ed a jm\u00e9no\">Holec Jaroslav<\/td>\n<td data-title=\"Datum narozen\u00ed\">09.10.1998<\/td>\n<td><\/td>\n<\/tr>\n<tr>\n<td class=\"text-right\">15.<\/td>\n<td data-title=\"Host\"><\/td>\n<td data-title=\"\u010c\u00edslo registrace\">1368<\/td>\n<td data-title=\"P\u0159\u00edjmen\u00ed a jm\u00e9no\">Hub\u00e1\u010dek Ji\u0159\u00ed<\/td>\n<td data-title=\"Datum narozen\u00ed\">29.07.1977<\/td>\n<td><\/td>\n<\/tr>\n<tr>\n<td class=\"text-right\">16.<\/td>\n<td data-title=\"Host\"><\/td>\n<td data-title=\"\u010c\u00edslo registrace\">24740<\/td>\n<td data-title=\"P\u0159\u00edjmen\u00ed a jm\u00e9no\">Ka\u0161par Ji\u0159\u00ed<\/td>\n<td data-title=\"Datum narozen\u00ed\">21.10.1994<\/td>\n<td><\/td>\n<\/tr>\n<tr>\n<td class=\"text-right\">17.<\/td>\n<td data-title=\"Host\">SS<\/td>\n<td data-title=\"\u010c\u00edslo registrace\">35565<\/td>\n<td data-title=\"P\u0159\u00edjmen\u00ed a jm\u00e9no\">Lux Filip<\/td>\n<td data-title=\"Datum narozen\u00ed\">04.04.2001<\/td>\n<td><\/td>\n<\/tr>\n<tr>\n<td class=\"text-right\">18.<\/td>\n<td data-title=\"Host\">SS<\/td>\n<td data-title=\"\u010c\u00edslo registrace\">25892<\/td>\n<td data-title=\"P\u0159\u00edjmen\u00ed a jm\u00e9no\">Lux Ond\u0159ej<\/td>\n<td data-title=\"Datum narozen\u00ed\">02.09.1991<\/td>\n<td><\/td>\n<\/tr>\n<tr>\n<td class=\"text-right\">19.<\/td>\n<td data-title=\"Host\"><\/td>\n<td data-title=\"\u010c\u00edslo registrace\">43808<\/td>\n<td data-title=\"P\u0159\u00edjmen\u00ed a jm\u00e9no\">Martinec Jakub<\/td>\n<td data-title=\"Datum narozen\u00ed\">25.02.1997<\/td>\n<td><\/td>\n<\/tr>\n<tr>\n<td class=\"text-right\">20.<\/td>\n<td data-title=\"Host\"><\/td>\n<td data-title=\"\u010c\u00edslo registrace\">32902<\/td>\n<td data-title=\"P\u0159\u00edjmen\u00ed a jm\u00e9no\">Mikul\u010d\u00e1k Dominik<\/td>\n<td data-title=\"Datum narozen\u00ed\">16.03.1998<\/td>\n<td><\/td>\n<\/tr>\n<tr>\n<td class=\"text-right\">21.<\/td>\n<td data-title=\"Host\"><\/td>\n<td data-title=\"\u010c\u00edslo registrace\">33116<\/td>\n<td data-title=\"P\u0159\u00edjmen\u00ed a jm\u00e9no\">Nov\u00e1k Michal<\/td>\n<td data-title=\"Datum narozen\u00ed\">15.03.1999<\/td>\n<td><\/td>\n<\/tr>\n<tr>\n<td class=\"text-right\">22.<\/td>\n<td data-title=\"Host\"><\/td>\n<td data-title=\"\u010c\u00edslo registrace\">18616<\/td>\n<td data-title=\"P\u0159\u00edjmen\u00ed a jm\u00e9no\">Prchal Miroslav<\/td>\n<td data-title=\"Datum narozen\u00ed\">24.05.1986<\/td>\n<td><\/td>\n<\/tr>\n<tr>\n<td class=\"text-right\">23.<\/td>\n<td data-title=\"Host\"><\/td>\n<td data-title=\"\u010c\u00edslo registrace\">3593<\/td>\n<td data-title=\"P\u0159\u00edjmen\u00ed a jm\u00e9no\">Rokos David<\/td>\n<td data-title=\"Datum narozen\u00ed\">22.05.1978<\/td>\n<td><\/td>\n<\/tr>\n<tr>\n<td class=\"text-right\">24.<\/td>\n<td data-title=\"Host\"><\/td>\n<td data-title=\"\u010c\u00edslo registrace\">3717<\/td>\n<td data-title=\"P\u0159\u00edjmen\u00ed a jm\u00e9no\">Schauer Roman<\/td>\n<td data-title=\"Datum narozen\u00ed\">11.11.1970<\/td>\n<td><\/td>\n<\/tr>\n<tr>\n<td class=\"text-right\">25.<\/td>\n<td data-title=\"Host\"><\/td>\n<td data-title=\"\u010c\u00edslo registrace\">39338<\/td>\n<td data-title=\"P\u0159\u00edjmen\u00ed a jm\u00e9no\">\u0160kra\u0148ka Jan<\/td>\n<td data-title=\"Datum narozen\u00ed\">28.10.1995<\/td>\n<td><\/td>\n<\/tr>\n<tr>\n<td class=\"text-right\">26.<\/td>\n<td data-title=\"Host\"><\/td>\n<td data-title=\"\u010c\u00edslo registrace\">24555<\/td>\n<td data-title=\"P\u0159\u00edjmen\u00ed a jm\u00e9no\">\u0160tefka Filip<\/td>\n<td data-title=\"Datum narozen\u00ed\">24.10.1991<\/td>\n<td><\/td>\n<\/tr>\n<tr>\n<td class=\"text-right\">27.<\/td>\n<td data-title=\"Host\"><\/td>\n<td data-title=\"\u010c\u00edslo registrace\">34435<\/td>\n<td data-title=\"P\u0159\u00edjmen\u00ed a jm\u00e9no\">\u0160tefka Mat\u011bj<\/td>\n<td data-title=\"Datum narozen\u00ed\">10.07.1998<\/td>\n<td><\/td>\n<\/tr>\n<tr>\n<td class=\"text-right\">28.<\/td>\n<td data-title=\"Host\"><\/td>\n<td data-title=\"\u010c\u00edslo registrace\">24229<\/td>\n<td data-title=\"P\u0159\u00edjmen\u00ed a jm\u00e9no\">Tobi\u00e1\u0161 Ji\u0159\u00ed<\/td>\n<td data-title=\"Datum narozen\u00ed\">08.10.1994<\/td>\n<td><\/td>\n<\/tr>\n<tr>\n<td class=\"text-right\">29.<\/td>\n<td data-title=\"Host\"><\/td>\n<td data-title=\"\u010c\u00edslo registrace\">32995<\/td>\n<td data-title=\"P\u0159\u00edjmen\u00ed a jm\u00e9no\">Tobi\u00e1\u0161 Ond\u0159ej<\/td>\n<td data-title=\"Datum narozen\u00ed\">26.05.2001<\/td>\n<td><\/td>\n<\/tr>\n<tr>\n<td class=\"text-right\">30.<\/td>\n<td data-title=\"Host\"><\/td>\n<td data-title=\"\u010c\u00edslo registrace\">24230<\/td>\n<td data-title=\"P\u0159\u00edjmen\u00ed a jm\u00e9no\">Tobi\u00e1\u0161 Vojt\u011bch<\/td>\n<td data-title=\"Datum narozen\u00ed\">03.01.1992<\/td>\n<td><\/td>\n<\/tr>\n<\/tbody>\n<\/table>\n","protected":false},"excerpt":{"rendered":"<p>Po\u0159. Host \u010c.reg. P\u0159\u00edjmen\u00ed a jm\u00e9no Dat. nar. 1. SS 28052 Adamec Miroslav 07.04.1991 2. 35715 Augustin Filip 01.09.2000 3. SS 34161 Cvejn Jakub 14.11.1997 4. 38137 Derka David 23.03.1997 5. 24987 Dvo\u0159\u00e1k Jon\u00e1\u0161 23.02.1993 6. SS 33976 Faltus Filip 27.09.2001 7. 35714 Geba Karel 22.03.1999 8. 25907 Grubhoffer Milo\u0161 05.09.1985 9. 26033 Havl\u00edk Ladislav 21.04.1992 10. 30250 Hejtm\u00e1nek David 30.09.1997 11. SS 29211 Hejtm\u00e1nek Josef 11.10.1993 12. 32796 Hn\u00e1t Denis 29.04.1998 13. 34437 Hn\u00e1t Radim 24.07.2001 14. 36874 Holec<\/p>\n","protected":false},"author":1,"featured_media":0,"parent":0,"menu_order":0,"comment_status":"closed","ping_status":"closed","template":"","meta":[],"_links":{"self":[{"href":"https:\/\/kometa-policka.cz\/index.php?rest_route=\/wp\/v2\/pages\/568"}],"collection":[{"href":"https:\/\/kometa-policka.cz\/index.php?rest_route=\/wp\/v2\/pages"}],"about":[{"href":"https:\/\/kometa-policka.cz\/index.php?rest_route=\/wp\/v2\/types\/page"}],"author":[{"embeddable":true,"href":"https:\/\/kometa-policka.cz\/index.php?rest_route=\/wp\/v2\/users\/1"}],"replies":[{"embeddable":true,"href":"https:\/\/kometa-policka.cz\/index.php?rest_route=%2Fwp%2Fv2%2Fcomments&post=568"}],"version-history":[{"count":3,"href":"https:\/\/kometa-policka.cz\/index.php?rest_route=\/wp\/v2\/pages\/568\/revisions"}],"predecessor-version":[{"id":576,"href":"https:\/\/kometa-policka.cz\/index.php?rest_route=\/wp\/v2\/pages\/568\/revisions\/576"}],"wp:attachment":[{"href":"https:\/\/kometa-policka.cz\/index.php?rest_route=%2Fwp%2Fv2%2Fmedia&parent=568"}],"curies":[{"name":"wp","href":"https:\/\/api.w.org\/{rel}","templated":true}]}}