{"id":36,"date":"2016-02-01T13:09:59","date_gmt":"2016-02-01T12:09:59","guid":{"rendered":"http:\/\/kometatest.wz.cz\/?page_id=36"},"modified":"2016-02-01T13:09:59","modified_gmt":"2016-02-01T12:09:59","slug":"kontakty","status":"publish","type":"page","link":"https:\/\/kometa-policka.cz\/?page_id=36","title":{"rendered":"Kontakty"},"content":{"rendered":"<div class=\"row divide_4\">\n<div class=\"col span_4 colFirstCol colLastCol colFirstRow colLastRow\">\n<div class=\"\">\n<div class=\"cell\">\n<div class=\"icell\">\n<div class=\"item\">\n<div class=\"text\">P\u0159edseda klubu:<\/p>\n<p>Pavel \u0160tefka<br \/>\nM. Bure\u0161e 805, 57201 Poli\u010dka<br \/>\nmobil: 773652965<br \/>\ne-mail: stefka.kom@seznam.cz<\/p><\/div>\n<\/div>\n<\/div>\n<\/div>\n<\/div>\n<\/div>\n<div class=\"cleaner\"><\/div>\n<\/div>\n<div class=\"row divide_4\"><\/div>\n<div class=\"row divide_4\">\n<div class=\"col span_4 colFirstCol colLastCol colFirstRow colLastRow\">\n<div class=\"\">\n<div class=\"cell\">\n<div class=\"icell\">\n<div class=\"item\">\n<div class=\"text\">T\u00fdm mu\u017e\u016f &#8211; 1.NHbL-V\u00fdchod:<\/p>\n<p>Vedouc\u00ed dru\u017estva:<br \/>\nIvo Vacek<br \/>\nSv\u00e9pomoc 196, 57201 Poli\u010dka<\/p>\n<p>Tren\u00e9r:<br \/>\nPavel \u0160tefka<br \/>\nM. Bure\u0161e 805, 57201 Poli\u010dka<br \/>\nmobil: 773652965<br \/>\ne-mail: stefka.kom@seznam.cz<\/p><\/div>\n<\/div>\n<\/div>\n<\/div>\n<\/div>\n<\/div>\n<div class=\"cleaner\"><\/div>\n<\/div>\n<div class=\"row divide_4\"><\/div>\n<div class=\"row divide_4\">\n<div class=\"col span_4 colFirstCol colLastCol colFirstRow colLastRow\">\n<div class=\"\">\n<div class=\"cell\">\n<div class=\"icell\">\n<div class=\"item\">\n<div class=\"text\">T\u00fdm star\u0161\u00edho dorostu &#8211; Extraliga SD:<\/p>\n<p>Vedouc\u00ed dru\u017estva:<br \/>\nJosef Hejtm\u00e1nek<br \/>\nHegerova 939, 57201 Poli\u010dka<\/p>\n<p>Tren\u00e9r:<br \/>\nPavel \u0160tefka<br \/>\nM. Bure\u0161e 805, 57201 Poli\u010dka<br \/>\nmobil: 773652965<br \/>\ne-mail: stefka.kom@seznam.cz<\/p><\/div>\n<\/div>\n<\/div>\n<\/div>\n<\/div>\n<\/div>\n<div class=\"cleaner\"><\/div>\n<\/div>\n<div class=\"row divide_4\"><\/div>\n<div class=\"row divide_4\">\n<div class=\"col span_4 colFirstCol colLastCol colFirstRow colLastRow\">\n<div class=\"\">\n<div class=\"cell\">\n<div class=\"icell\">\n<div class=\"item\">\n<div class=\"text\">T\u00fdm mlad\u0161\u00edch \u017e\u00e1k\u016f &#8211; M\u010cR M\u017d:<\/p>\n<p>Vedouc\u00ed dru\u017estva :<br \/>\nRadek Dudek<br \/>\nB. N\u011bmcov\u00e9 674, 57201 Poli\u010dka<br \/>\ne-mail: stefka.kom@seznam.cz<\/p>\n<p>Tren\u00e9r:<br \/>\nPavel Dvo\u0159\u00e1k<br \/>\nPomez\u00ed &#8230;, 57201 Poli\u010dka<br \/>\ne-mail: medy@unet.cz<\/p><\/div>\n<\/div>\n<\/div>\n<\/div>\n<\/div>\n<\/div>\n<\/div>\n","protected":false},"excerpt":{"rendered":"<p>P\u0159edseda klubu: Pavel \u0160tefka M. Bure\u0161e 805, 57201 Poli\u010dka mobil: 773652965 e-mail: stefka.kom@seznam.cz T\u00fdm mu\u017e\u016f &#8211; 1.NHbL-V\u00fdchod: Vedouc\u00ed dru\u017estva: Ivo Vacek Sv\u00e9pomoc 196, 57201 Poli\u010dka Tren\u00e9r: Pavel \u0160tefka M. Bure\u0161e 805, 57201 Poli\u010dka mobil: 773652965 e-mail: stefka.kom@seznam.cz T\u00fdm star\u0161\u00edho dorostu &#8211; Extraliga SD: Vedouc\u00ed dru\u017estva: Josef Hejtm\u00e1nek Hegerova 939, 57201 Poli\u010dka Tren\u00e9r: Pavel \u0160tefka M. Bure\u0161e 805, 57201 Poli\u010dka mobil: 773652965 e-mail: stefka.kom@seznam.cz T\u00fdm mlad\u0161\u00edch \u017e\u00e1k\u016f &#8211; M\u010cR M\u017d: Vedouc\u00ed dru\u017estva : Radek Dudek B. N\u011bmcov\u00e9 674, 57201 Poli\u010dka e-mail:<\/p>\n","protected":false},"author":1,"featured_media":0,"parent":0,"menu_order":0,"comment_status":"closed","ping_status":"closed","template":"","meta":[],"_links":{"self":[{"href":"https:\/\/kometa-policka.cz\/index.php?rest_route=\/wp\/v2\/pages\/36"}],"collection":[{"href":"https:\/\/kometa-policka.cz\/index.php?rest_route=\/wp\/v2\/pages"}],"about":[{"href":"https:\/\/kometa-policka.cz\/index.php?rest_route=\/wp\/v2\/types\/page"}],"author":[{"embeddable":true,"href":"https:\/\/kometa-policka.cz\/index.php?rest_route=\/wp\/v2\/users\/1"}],"replies":[{"embeddable":true,"href":"https:\/\/kometa-policka.cz\/index.php?rest_route=%2Fwp%2Fv2%2Fcomments&post=36"}],"version-history":[{"count":0,"href":"https:\/\/kometa-policka.cz\/index.php?rest_route=\/wp\/v2\/pages\/36\/revisions"}],"wp:attachment":[{"href":"https:\/\/kometa-policka.cz\/index.php?rest_route=%2Fwp%2Fv2%2Fmedia&parent=36"}],"curies":[{"name":"wp","href":"https:\/\/api.w.org\/{rel}","templated":true}]}}